{"id":2101,"date":"2023-11-21T19:35:30","date_gmt":"2023-11-21T19:35:30","guid":{"rendered":"https:\/\/ncs-art.com\/?page_id=2101"},"modified":"2023-11-21T19:40:52","modified_gmt":"2023-11-21T19:40:52","slug":"contact","status":"publish","type":"page","link":"https:\/\/ncs-art.com\/?page_id=2101","title":{"rendered":"Contact"},"content":{"rendered":"\n<p class=\"has-black-color has-text-color\" style=\"font-size:30px\">NCS-ART<\/p>\n\n\n\n<div class=\"is-layout-flex wp-container-3 wp-block-columns\">\n<div class=\"is-layout-flow wp-block-column\">\n<p class=\"has-black-color has-text-color has-medium-font-size\">Marzena Dziewanowska<\/p>\n\n\n\n<p class=\"has-black-color has-text-color has-medium-font-size\">E: marzena.ncs@gmail.com<\/p>\n\n\n\n<p class=\"has-black-color has-text-color has-medium-font-size\">M: +44 7708 427 444<\/p>\n<\/div>\n\n\n\n<div class=\"is-layout-flow wp-block-column\">\n<p class=\"has-black-color has-text-color has-medium-font-size\">Email me <\/p>\n\n\n\n<div class=\"wpforms-container wpforms-container-full\" id=\"wpforms-2098\"><form id=\"wpforms-form-2098\" class=\"wpforms-validate wpforms-form wpforms-ajax-form\" data-formid=\"2098\" method=\"post\" enctype=\"multipart\/form-data\" action=\"\/index.php?rest_route=%2Fwp%2Fv2%2Fpages%2F2101\" data-token=\"2945c2e339a2ba9d1316469de2c1660b\"><noscript class=\"wpforms-error-noscript\">Aby wype\u0142ni\u0107 ten formularz, w\u0142\u0105cz obs\u0142ug\u0119 JavaScript w przegl\u0105darce.<\/noscript><div class=\"wpforms-field-container\"><div id=\"wpforms-2098-field_0-container\" class=\"wpforms-field wpforms-field-name\" data-field-id=\"0\"><label class=\"wpforms-field-label\" for=\"wpforms-2098-field_0\">Name <span class=\"wpforms-required-label\">*<\/span><\/label><div class=\"wpforms-field-row wpforms-field-medium\"><div class=\"wpforms-field-row-block wpforms-first wpforms-one-half\"><input type=\"text\" id=\"wpforms-2098-field_0\" class=\"wpforms-field-name-first wpforms-field-required\" name=\"wpforms[fields][0][first]\" required><label for=\"wpforms-2098-field_0\" class=\"wpforms-field-sublabel after \">Imi\u0119<\/label><\/div><div class=\"wpforms-field-row-block wpforms-one-half\"><input type=\"text\" id=\"wpforms-2098-field_0-last\" class=\"wpforms-field-name-last wpforms-field-required\" name=\"wpforms[fields][0][last]\" required><label for=\"wpforms-2098-field_0-last\" class=\"wpforms-field-sublabel after \">Nazwisko<\/label><\/div><\/div><\/div><div id=\"wpforms-2098-field_1-container\" class=\"wpforms-field wpforms-field-email\" data-field-id=\"1\"><label class=\"wpforms-field-label\" for=\"wpforms-2098-field_1\">Email <span class=\"wpforms-required-label\">*<\/span><\/label><input type=\"email\" id=\"wpforms-2098-field_1\" class=\"wpforms-field-medium wpforms-field-required\" name=\"wpforms[fields][1]\" spellcheck=\"false\" required><\/div><div id=\"wpforms-2098-field_2-container\" class=\"wpforms-field wpforms-field-textarea\" data-field-id=\"2\"><label class=\"wpforms-field-label\" for=\"wpforms-2098-field_2\">Comment or Message <span class=\"wpforms-required-label\">*<\/span><\/label><textarea id=\"wpforms-2098-field_2\" class=\"wpforms-field-medium wpforms-field-required\" name=\"wpforms[fields][2]\" required><\/textarea><\/div><\/div><!-- .wpforms-field-container --><div class=\"wpforms-submit-container\" ><input type=\"hidden\" name=\"wpforms[id]\" value=\"2098\"><input type=\"hidden\" name=\"wpforms[author]\" value=\"1\"><button type=\"submit\" name=\"wpforms[submit]\" id=\"wpforms-submit-2098\" class=\"wpforms-submit\" data-alt-text=\"Sending...\" data-submit-text=\"Submit\" aria-live=\"assertive\" value=\"wpforms-submit\">Submit<\/button><img src=\"https:\/\/ncs-art.com\/wp-content\/plugins\/wpforms-lite\/assets\/images\/submit-spin.svg\" class=\"wpforms-submit-spinner\" style=\"display: none;\" width=\"26\" height=\"26\" alt=\"Wczytywanie\"><\/div><\/form><\/div>  <!-- .wpforms-container -->\n<\/div>\n<\/div>\n\n\n\n<p><\/p>\n\n\n\n<p><\/p>\n","protected":false},"excerpt":{"rendered":"<p>NCS-ART Marzena Dziewanowska E: marzena.ncs@gmail.com M: +44 7708 427 444 Email me<\/p>\n","protected":false},"author":1,"featured_media":0,"parent":0,"menu_order":0,"comment_status":"closed","ping_status":"closed","template":"","meta":[],"_links":{"self":[{"href":"https:\/\/ncs-art.com\/index.php?rest_route=\/wp\/v2\/pages\/2101"}],"collection":[{"href":"https:\/\/ncs-art.com\/index.php?rest_route=\/wp\/v2\/pages"}],"about":[{"href":"https:\/\/ncs-art.com\/index.php?rest_route=\/wp\/v2\/types\/page"}],"author":[{"embeddable":true,"href":"https:\/\/ncs-art.com\/index.php?rest_route=\/wp\/v2\/users\/1"}],"replies":[{"embeddable":true,"href":"https:\/\/ncs-art.com\/index.php?rest_route=%2Fwp%2Fv2%2Fcomments&post=2101"}],"version-history":[{"count":2,"href":"https:\/\/ncs-art.com\/index.php?rest_route=\/wp\/v2\/pages\/2101\/revisions"}],"predecessor-version":[{"id":2104,"href":"https:\/\/ncs-art.com\/index.php?rest_route=\/wp\/v2\/pages\/2101\/revisions\/2104"}],"wp:attachment":[{"href":"https:\/\/ncs-art.com\/index.php?rest_route=%2Fwp%2Fv2%2Fmedia&parent=2101"}],"curies":[{"name":"wp","href":"https:\/\/api.w.org\/{rel}","templated":true}]}}